{"id":18,"date":"2018-10-19T21:42:52","date_gmt":"2018-10-19T19:42:52","guid":{"rendered":"http:\/\/nauka-narty.pl\/?page_id=18"},"modified":"2018-10-23T12:34:49","modified_gmt":"2018-10-23T10:34:49","slug":"o-nas","status":"publish","type":"page","link":"https:\/\/nauka-narty.pl\/index.php\/o-nas\/","title":{"rendered":"O nas"},"content":{"rendered":"<h4><em><strong>\u0141ukasz<\/strong><\/em><img loading=\"lazy\" decoding=\"async\" class=\"alignleft wp-image-64\" src=\"http:\/\/nauka-narty.pl\/wp-content\/uploads\/2018\/10\/lukasz1-1024x683.jpg\" alt=\"\" width=\"660\" height=\"440\" srcset=\"https:\/\/nauka-narty.pl\/wp-content\/uploads\/2018\/10\/lukasz1-1024x683.jpg 1024w, https:\/\/nauka-narty.pl\/wp-content\/uploads\/2018\/10\/lukasz1-300x200.jpg 300w, https:\/\/nauka-narty.pl\/wp-content\/uploads\/2018\/10\/lukasz1-768x512.jpg 768w\" sizes=\"auto, (max-width: 660px) 100vw, 660px\" \/><\/h4>\n<p style=\"text-align: justify; font-size: 15px;\">Ratownik WOPR, instruktor p\u0142ywania, instruktor jazdy na nartach.<br \/>\nDla niekt\u00f3rych \u201eGumi\u015b\u201d.<br \/>\nPasjonat narciarstwa. Na nartach je\u017cd\u017c\u0119 od dziecka, a\u00a0swoje pierwsze kroki stawia\u0142em na osiedlowej g\u00f3rce w Aleksandrowicach. P\u00f3\u017aniej przyszed\u0142 czas na D\u0119bowiec, Szyndzielni\u0119 i tak kolejno wszystkie okoliczne miejsc\u00f3wki.\u00a0Od czasu zdobycia uprawnie\u0144 zim\u0105 regularnie jestem na Julianach. Mo\u017cna mnie spotka\u0107 w Szczyrku i na stoku D\u0119bowca.<br \/>\nJazda na nartach po\u0142\u0105czona z\u00a0nauczaniem jest tym, co zawsze chcia\u0142em robi\u0107.<\/p>\n<h4><em><strong>Monika<\/strong><\/em><img loading=\"lazy\" decoding=\"async\" class=\"alignleft wp-image-68\" src=\"http:\/\/nauka-narty.pl\/wp-content\/uploads\/2018\/10\/monika1-300x200.jpg\" alt=\"\" width=\"660\" height=\"440\" srcset=\"https:\/\/nauka-narty.pl\/wp-content\/uploads\/2018\/10\/monika1-300x200.jpg 300w, https:\/\/nauka-narty.pl\/wp-content\/uploads\/2018\/10\/monika1-768x512.jpg 768w, https:\/\/nauka-narty.pl\/wp-content\/uploads\/2018\/10\/monika1-1024x683.jpg 1024w\" sizes=\"auto, (max-width: 660px) 100vw, 660px\" \/><\/h4>\n<p style=\"text-align: justify; font-size: 15px;\">Absolwentka turystyki i rekreacji. Amatorka wielu sport\u00f3w.<br \/>\nDla niekt\u00f3rych &#8222;Szakira&#8221;.<br \/>\nOd dziecka fanka nart. Latem rower, g\u00f3ry, woda i s\u0142o\u0144ce.<br \/>\nNa co dzie\u0144 uprawiam twardy HR.<br \/>\nInteresuje mnie ka\u017cdy rodzaj narciarstwa, lecz najbardziej poci\u0105ga mnie jazda carvingowa.<br \/>\nUwielbiam naucza\u0107 i\u00a0nie ma wi\u0119kszej satysfakcji jak widoczny progres uczestnik\u00f3w szkolenia.<br \/>\nZaj\u0119cia z dzieciakami sprawiaj\u0105 mi najwi\u0119ksz\u0105 frajd\u0119.<\/p>\n","protected":false},"excerpt":{"rendered":"<p>\u0141ukasz Ratownik WOPR, instruktor p\u0142ywania, instruktor jazdy na nartach. Dla niekt\u00f3rych \u201eGumi\u015b\u201d. Pasjonat narciarstwa. Na nartach je\u017cd\u017c\u0119 od dziecka, a\u00a0swoje pierwsze kroki stawia\u0142em na osiedlowej g\u00f3rce w Aleksandrowicach. P\u00f3\u017aniej przyszed\u0142 czas na D\u0119bowiec, Szyndzielni\u0119 i tak kolejno wszystkie okoliczne miejsc\u00f3wki.\u00a0Od czasu zdobycia uprawnie\u0144 zim\u0105 regularnie jestem na Julianach. Mo\u017cna mnie spotka\u0107 w Szczyrku i na &hellip; <a href=\"https:\/\/nauka-narty.pl\/index.php\/o-nas\/\" class=\"more-link\">Czytaj dalej <span class=\"screen-reader-text\">O nas<\/span><\/a><\/p>\n","protected":false},"author":1,"featured_media":152,"parent":0,"menu_order":0,"comment_status":"closed","ping_status":"closed","template":"","meta":{"ngg_post_thumbnail":0,"footnotes":""},"class_list":["post-18","page","type-page","status-publish","has-post-thumbnail","hentry"],"_links":{"self":[{"href":"https:\/\/nauka-narty.pl\/index.php\/wp-json\/wp\/v2\/pages\/18","targetHints":{"allow":["GET"]}}],"collection":[{"href":"https:\/\/nauka-narty.pl\/index.php\/wp-json\/wp\/v2\/pages"}],"about":[{"href":"https:\/\/nauka-narty.pl\/index.php\/wp-json\/wp\/v2\/types\/page"}],"author":[{"embeddable":true,"href":"https:\/\/nauka-narty.pl\/index.php\/wp-json\/wp\/v2\/users\/1"}],"replies":[{"embeddable":true,"href":"https:\/\/nauka-narty.pl\/index.php\/wp-json\/wp\/v2\/comments?post=18"}],"version-history":[{"count":17,"href":"https:\/\/nauka-narty.pl\/index.php\/wp-json\/wp\/v2\/pages\/18\/revisions"}],"predecessor-version":[{"id":153,"href":"https:\/\/nauka-narty.pl\/index.php\/wp-json\/wp\/v2\/pages\/18\/revisions\/153"}],"wp:featuredmedia":[{"embeddable":true,"href":"https:\/\/nauka-narty.pl\/index.php\/wp-json\/wp\/v2\/media\/152"}],"wp:attachment":[{"href":"https:\/\/nauka-narty.pl\/index.php\/wp-json\/wp\/v2\/media?parent=18"}],"curies":[{"name":"wp","href":"https:\/\/api.w.org\/{rel}","templated":true}]}}