{"id":98,"date":"2018-10-21T11:13:38","date_gmt":"2018-10-21T09:13:38","guid":{"rendered":"http:\/\/nauka-narty.pl\/?page_id=98"},"modified":"2021-12-23T22:50:44","modified_gmt":"2021-12-23T21:50:44","slug":"oferta","status":"publish","type":"page","link":"https:\/\/nauka-narty.pl\/index.php\/oferta\/","title":{"rendered":"Oferta"},"content":{"rendered":"<p style=\"text-align: justify; font-size: 20px; font-weight: bold; text-decoration: underline;\">Zaj\u0119cia indywidualne<\/p>\n<p style=\"text-align: justify; font-size: 17px; font-weight: bold;\">Dla pocz\u0105tkuj\u0105cych narciarzy<\/p>\n<p style=\"text-align: justify; font-size: 15px;\">Szkolenia indywidualne s\u0105 najbardziej efektywn\u0105 form\u0105 nauki&nbsp; jazdy na nartach. Instruktor jest tylko dla Ciebie i mo\u017ce dostosowa\u0107 tematyk\u0119 zaj\u0119\u0107 adekwatn\u0105 do poziomu i potrzeb kursanta. Wybieramy odpowiedni stok narciarski, aby zaj\u0119cia przeprowadzone by\u0142y w spos\u00f3b jak najbardziej bezpieczny i efektywny. Osoby, kt\u00f3re s\u0105 pierwszy raz na nartach lub pocz\u0105tkuj\u0105ce, trenuj\u0105 na stokach bardziej p\u0142askich o mniejszym nachyleniu, tak aby na pocz\u0105tek spokojnie opanowa\u0142y podstawy zwi\u0105zane m.in. z zachowaniem bezpiecze\u0144stwa na stoku, nauk\u0105 prawid\u0142owego podchodzenia na nartach, opanowania techniki hamowania, jazdy wyci\u0105giem orczykowym i podstawowych skr\u0119t\u00f3w. Prowadzone zaj\u0119cia dostosowane s\u0105 indywidualnie do sprawno\u015bci fizycznej i umiej\u0119tno\u015bci ucznia.<\/p>\n<p style=\"text-align: justify; font-size: 17px; font-weight: bold;\">Dla \u015bredniozaawansowanych narciarzy<\/p>\n<p style=\"text-align: justify; font-size: 15px;\">Osoby, kt\u00f3re ju\u017c opanowa\u0142y podstawowe elementy techniki, aby dalej rozwija\u0107 swoje umiej\u0119tno\u015bci trenuj\u0105 na stokach d\u0142u\u017cszych, o wi\u0119kszym nachyleniu i maj\u0105 specjalnie dobrane \u0107wiczenia tak, aby doskonali\u0107 i rozwija\u0107 technik\u0119 jazdy na nartach. Dzi\u0119ki urozmaiconym treningom narciarskim kursant mo\u017ce w bezpieczny spos\u00f3b szybko opanowa\u0107 r\u00f3\u017cnego rodzaju skr\u0119ty oraz poczu\u0107 jeszcze lepsz\u0105 kontrol\u0119 nad nartami jad\u0105c na stromych stokach i przy wi\u0119kszej pr\u0119dko\u015bci.<\/p>\n<p style=\"text-align: justify; font-size: 20px; font-weight: bold; text-decoration: underline;\">Zaj\u0119cia grupowe<\/p>\n<p style=\"text-align: justify; font-size: 15px;\">Proponujemy r\u00f3wnie\u017c zaj\u0119cia grupowe dla narciarzy, kt\u00f3rzy ju\u017c opanowali podstawy poruszania si\u0119 na nartach. Zaj\u0119cia grupowe dedykowane s\u0105 dla rodzin oraz grup znajomych, kt\u00f3rym zale\u017cy na tym \u017ceby sp\u0119dzi\u0107 jak najwi\u0119cej czasu razem. Mo\u017cliwo\u015b\u0107 szkolenia w grupie pozwala na dodatkow\u0105 motywacj\u0119 i mo\u017cliwo\u015b\u0107 natychmiastowej identyfikacji b\u0142\u0119d\u00f3w. Cena zaj\u0119\u0107 grupowych jest konkurencyjna w por\u00f3wnaniu do zaj\u0119\u0107 indywidualnych.<\/p>\n<p style=\"text-align: justify; font-size: 20px; font-weight: bold; text-decoration: underline;\">Ferie zimowe<\/p>\n<p style=\"text-align: justify; font-size: 15px;\">Na czas ferii zimowych oferujemy 2 turnusy ca\u0142odniowych zaj\u0119\u0107 wraz z dojazdem. W godzinach porannych odbieramy podopiecznych. Sp\u0119dzamy 4 godziny na stokach narciarskich w Szczyrku. W tym czasie realizujemy program szkoleniowy maj\u0105cy na celu doskonalenie techniki jazdy na nartach.&nbsp; Przewidziana jest 1 przerwa regeneracyjna. Po zaj\u0119ciach odwozimy pociechy do dom\u00f3w. Zaj\u0119cia dedykowane s\u0105 dla dzieci samodzielnie poruszaj\u0105cych si\u0119 na nartach.<\/p>\n<div class=\"footable_parent ninja_table_wrapper loading_ninja_table wp_table_data_press_parent bootstrap4 ninja_device_desktop colored_table\">\n<table id=\"tablepress-1\" class=\"tablepress tablepress-id-1\">\n<thead>\n<tr class=\"row-1\">\n\t<th class=\"column-1\">Lekcja<\/th><th class=\"column-2\">1 osoba<\/th><th class=\"column-3\">2 osoby<\/th><th class=\"column-4\">3 osoby<\/th>\n<\/tr>\n<\/thead>\n<tbody class=\"row-hover\">\n<tr class=\"row-2\">\n\t<td class=\"column-1\">1 h<\/td><td class=\"column-2\">150 z\u0142<\/td><td class=\"column-3\">200 z\u0142<\/td><td class=\"column-4\">250 z\u0142<\/td>\n<\/tr>\n<tr class=\"row-3\">\n\t<td class=\"column-1\">2 h<\/td><td class=\"column-2\">250 z\u0142<\/td><td class=\"column-3\">350 z\u0142<\/td><td class=\"column-4\">400 z\u0142<\/td>\n<\/tr>\n<\/tbody>\n<\/table>\n<!-- #tablepress-1 from cache --><\/div>\n<div style=\"margin-top: 40px;\">\n<div class=\"ninja_demo_disclaimer\">\n<p>Godzina lekcyjna trwa 55 minut.&nbsp;<br \/>\nCena nie zawiera op\u0142at za wyci\u0105gi.&nbsp;<\/p>\n<\/div>\n<\/div>\n","protected":false},"excerpt":{"rendered":"<p>Zaj\u0119cia indywidualne Dla pocz\u0105tkuj\u0105cych narciarzy Szkolenia indywidualne s\u0105 najbardziej efektywn\u0105 form\u0105 nauki&nbsp; jazdy na nartach. Instruktor jest tylko dla Ciebie i mo\u017ce dostosowa\u0107 tematyk\u0119 zaj\u0119\u0107 adekwatn\u0105 do poziomu i potrzeb kursanta. Wybieramy odpowiedni stok narciarski, aby zaj\u0119cia przeprowadzone by\u0142y w spos\u00f3b jak najbardziej bezpieczny i efektywny. Osoby, kt\u00f3re s\u0105 pierwszy raz na nartach lub pocz\u0105tkuj\u0105ce, &hellip; <a href=\"https:\/\/nauka-narty.pl\/index.php\/oferta\/\" class=\"more-link\">Czytaj dalej <span class=\"screen-reader-text\">Oferta<\/span><\/a><\/p>\n","protected":false},"author":1,"featured_media":154,"parent":0,"menu_order":0,"comment_status":"closed","ping_status":"closed","template":"","meta":{"ngg_post_thumbnail":0,"footnotes":""},"class_list":["post-98","page","type-page","status-publish","has-post-thumbnail","hentry"],"_links":{"self":[{"href":"https:\/\/nauka-narty.pl\/index.php\/wp-json\/wp\/v2\/pages\/98","targetHints":{"allow":["GET"]}}],"collection":[{"href":"https:\/\/nauka-narty.pl\/index.php\/wp-json\/wp\/v2\/pages"}],"about":[{"href":"https:\/\/nauka-narty.pl\/index.php\/wp-json\/wp\/v2\/types\/page"}],"author":[{"embeddable":true,"href":"https:\/\/nauka-narty.pl\/index.php\/wp-json\/wp\/v2\/users\/1"}],"replies":[{"embeddable":true,"href":"https:\/\/nauka-narty.pl\/index.php\/wp-json\/wp\/v2\/comments?post=98"}],"version-history":[{"count":26,"href":"https:\/\/nauka-narty.pl\/index.php\/wp-json\/wp\/v2\/pages\/98\/revisions"}],"predecessor-version":[{"id":255,"href":"https:\/\/nauka-narty.pl\/index.php\/wp-json\/wp\/v2\/pages\/98\/revisions\/255"}],"wp:featuredmedia":[{"embeddable":true,"href":"https:\/\/nauka-narty.pl\/index.php\/wp-json\/wp\/v2\/media\/154"}],"wp:attachment":[{"href":"https:\/\/nauka-narty.pl\/index.php\/wp-json\/wp\/v2\/media?parent=98"}],"curies":[{"name":"wp","href":"https:\/\/api.w.org\/{rel}","templated":true}]}}